{"id":11832,"date":"2025-07-25T01:36:39","date_gmt":"2025-07-25T05:36:39","guid":{"rendered":"https:\/\/netwitnessdev.wpenginepowered.com\/grazie-demo\/"},"modified":"2025-10-07T01:00:35","modified_gmt":"2025-10-07T05:00:35","slug":"grazie-demo","status":"publish","type":"page","link":"https:\/\/www.netwitness.com\/it\/grazie-demo\/","title":{"rendered":"Grazie Demo"},"content":{"rendered":"\t\t<div data-elementor-type=\"wp-page\" data-elementor-id=\"11832\" class=\"elementor elementor-11832 elementor-9464\" data-elementor-post-type=\"page\">\n\t\t\t\t<div class=\"elementor-element elementor-element-ba6289d e-con-full e-flex e-con e-parent\" data-id=\"ba6289d\" data-element_type=\"container\" data-e-type=\"container\">\n\t\t<div class=\"elementor-element elementor-element-371fc18 e-flex e-con-boxed e-con e-child\" data-id=\"371fc18\" data-element_type=\"container\" data-e-type=\"container\" data-settings=\"{&quot;background_background&quot;:&quot;classic&quot;}\">\n\t\t\t\t\t<div class=\"e-con-inner\">\n\t\t<div class=\"elementor-element elementor-element-72e305f e-con-full e-flex e-con e-child\" data-id=\"72e305f\" data-element_type=\"container\" data-e-type=\"container\">\n\t\t\t\t<div class=\"elementor-element elementor-element-7678566 elementor-widget elementor-widget-heading\" data-id=\"7678566\" data-element_type=\"widget\" data-e-type=\"widget\" data-widget_type=\"heading.default\">\n\t\t\t\t\t<h2 class=\"elementor-heading-title elementor-size-default\">Grazie per averci contattato!<\/h2>\t\t\t\t<\/div>\n\t\t\t\t<div class=\"elementor-element elementor-element-afdca99 elementor-widget elementor-widget-text-editor\" data-id=\"afdca99\" data-element_type=\"widget\" data-e-type=\"widget\" data-widget_type=\"text-editor.default\">\n\t\t\t\t\t\t\t\t\t<p>Stiamo esaminando la tua richiesta e ti contatteremo al pi\u00f9 presto.<\/p>\t\t\t\t\t\t\t\t<\/div>\n\t\t\t\t<\/div>\n\t\t\t\t\t<\/div>\n\t\t\t\t<\/div>\n\t\t<div class=\"elementor-element elementor-element-71fd12e e-flex e-con-boxed e-con e-child\" data-id=\"71fd12e\" data-element_type=\"container\" data-e-type=\"container\">\n\t\t\t\t\t<div class=\"e-con-inner\">\n\t\t\t\t<div class=\"elementor-element elementor-element-0856821 elementor-widget elementor-widget-text-editor\" data-id=\"0856821\" data-element_type=\"widget\" data-e-type=\"widget\" data-widget_type=\"text-editor.default\">\n\t\t\t\t\t\t\t\t\t<p><span data-teams=\"true\">Mentre sei qui, perch\u00e9 non esplorare il nostro blog? \u00c8 ricco di approfondimenti, consigli e ultime tendenze per aiutarti a essere sempre all&#8217;avanguardia. Visita il nostro blog e scopri qualcosa di nuovo oggi stesso!  <\/span><\/p>\t\t\t\t\t\t\t\t<\/div>\n\t\t\t\t<div class=\"elementor-element elementor-element-2b2af2a button-nw-25 elementor-widget elementor-widget-button\" data-id=\"2b2af2a\" data-element_type=\"widget\" data-e-type=\"widget\" data-widget_type=\"button.default\">\n\t\t\t\t\t\t\t\t\t\t<a class=\"elementor-button elementor-button-link elementor-size-sm\" href=\"https:\/\/www.netwitness.com\/blog\/\">\n\t\t\t\t\t\t<span class=\"elementor-button-content-wrapper\">\n\t\t\t\t\t\t\t\t\t<span class=\"elementor-button-text\">Visita i nostri blog <span>\u2192<\/span><\/span>\n\t\t\t\t\t<\/span>\n\t\t\t\t\t<\/a>\n\t\t\t\t\t\t\t\t<\/div>\n\t\t\t\t\t<\/div>\n\t\t\t\t<\/div>\n\t\t<div class=\"elementor-element elementor-element-67a9b86 e-flex e-con-boxed e-con e-child\" data-id=\"67a9b86\" data-element_type=\"container\" data-e-type=\"container\">\n\t\t\t\t\t<div class=\"e-con-inner\">\n\t\t\t\t<div class=\"elementor-element elementor-element-42a4dc7 elementor-widget__width-initial elementor-widget elementor-widget-heading\" data-id=\"42a4dc7\" data-element_type=\"widget\" data-e-type=\"widget\" data-widget_type=\"heading.default\">\n\t\t\t\t\t<h2 class=\"elementor-heading-title elementor-size-default\">Risorse esclusive per te<\/h2>\t\t\t\t<\/div>\n\t\t\t\t<div class=\"elementor-element elementor-element-2bd8ba1 elementor-grid-3 elementor-grid-tablet-2 elementor-grid-mobile-1 elementor-widget elementor-widget-loop-grid\" data-id=\"2bd8ba1\" data-element_type=\"widget\" data-e-type=\"widget\" data-settings=\"{&quot;template_id&quot;:11493,&quot;columns&quot;:3,&quot;_skin&quot;:&quot;post&quot;,&quot;columns_tablet&quot;:&quot;2&quot;,&quot;columns_mobile&quot;:&quot;1&quot;,&quot;edit_handle_selector&quot;:&quot;[data-elementor-type=\\&quot;loop-item\\&quot;]&quot;,&quot;row_gap&quot;:{&quot;unit&quot;:&quot;px&quot;,&quot;size&quot;:&quot;&quot;,&quot;sizes&quot;:[]},&quot;row_gap_tablet&quot;:{&quot;unit&quot;:&quot;px&quot;,&quot;size&quot;:&quot;&quot;,&quot;sizes&quot;:[]},&quot;row_gap_mobile&quot;:{&quot;unit&quot;:&quot;px&quot;,&quot;size&quot;:&quot;&quot;,&quot;sizes&quot;:[]}}\" data-widget_type=\"loop-grid.post\">\n\t\t\t\t<div class=\"elementor-widget-container\">\n\t\t\t\t\t\t\t<div class=\"elementor-loop-container elementor-grid\" role=\"list\">\n\t\t<style id=\"loop-11493\">.elementor-11493 .elementor-element.elementor-element-74f6db9{--display:flex;--flex-direction:column;--container-widget-width:100%;--container-widget-height:initial;--container-widget-flex-grow:0;--container-widget-align-self:initial;--flex-wrap-mobile:wrap;}.elementor-widget-theme-post-featured-image .widget-image-caption{color:var( --e-global-color-text );font-family:var( --e-global-typography-text-font-family ), Sans-serif;font-size:var( --e-global-typography-text-font-size );font-weight:var( --e-global-typography-text-font-weight );}.elementor-11493 .elementor-element.elementor-element-99073ea img{width:100%;border-radius:20px 20px 20px 20px;}.elementor-11493 .elementor-element.elementor-element-0e1b0a1{--display:flex;--flex-direction:row;--container-widget-width:initial;--container-widget-height:100%;--container-widget-flex-grow:1;--container-widget-align-self:stretch;--flex-wrap-mobile:wrap;--margin-top:0px;--margin-bottom:0px;--margin-left:0px;--margin-right:0px;--padding-top:0px;--padding-bottom:0px;--padding-left:0px;--padding-right:0px;}.elementor-11493 .elementor-element.elementor-element-0e1b0a1.e-con{--align-self:flex-start;}.elementor-11493 .elementor-element.elementor-element-c974894{--display:flex;--border-radius:5px 5px 5px 5px;--padding-top:4px;--padding-bottom:4px;--padding-left:10px;--padding-right:10px;}.elementor-11493 .elementor-element.elementor-element-c974894:not(.elementor-motion-effects-element-type-background), .elementor-11493 .elementor-element.elementor-element-c974894 > .elementor-motion-effects-container > .elementor-motion-effects-layer{background-color:#E7E7E7;}.elementor-11493 .elementor-element.elementor-element-c974894.e-con{--align-self:flex-start;}.elementor-widget-text-editor{font-family:var( --e-global-typography-text-font-family ), Sans-serif;font-size:var( --e-global-typography-text-font-size );font-weight:var( --e-global-typography-text-font-weight );color:var( --e-global-color-text );}.elementor-widget-text-editor.elementor-drop-cap-view-stacked .elementor-drop-cap{background-color:var( --e-global-color-primary );}.elementor-widget-text-editor.elementor-drop-cap-view-framed .elementor-drop-cap, .elementor-widget-text-editor.elementor-drop-cap-view-default .elementor-drop-cap{color:var( --e-global-color-primary );border-color:var( --e-global-color-primary );}.elementor-11493 .elementor-element.elementor-element-5fd2453{font-family:\"Lato\", Sans-serif;font-size:16px;font-weight:400;padding:0px 0px 0px 0px;}.elementor-11493 .elementor-element.elementor-element-5fd2453.elementor-element{--align-self:flex-start;}.elementor-11493 .elementor-element.elementor-element-3cbe602{--display:flex;--border-radius:5px 5px 5px 5px;--padding-top:4px;--padding-bottom:4px;--padding-left:10px;--padding-right:10px;}.elementor-11493 .elementor-element.elementor-element-3cbe602:not(.elementor-motion-effects-element-type-background), .elementor-11493 .elementor-element.elementor-element-3cbe602 > .elementor-motion-effects-container > .elementor-motion-effects-layer{background-color:#E7E7E7;}.elementor-11493 .elementor-element.elementor-element-3cbe602.e-con{--align-self:flex-start;}.elementor-11493 .elementor-element.elementor-element-c06f4ca{font-family:\"Lato\", Sans-serif;font-size:16px;font-weight:400;padding:0px 0px 0px 0px;}.elementor-11493 .elementor-element.elementor-element-c06f4ca.elementor-element{--align-self:flex-start;}.elementor-widget-theme-post-title .elementor-heading-title{font-family:var( --e-global-typography-primary-font-family ), Sans-serif;font-size:var( --e-global-typography-primary-font-size );font-weight:var( --e-global-typography-primary-font-weight );color:var( --e-global-color-primary );}.elementor-11493 .elementor-element.elementor-element-c248b5c .elementor-heading-title{font-family:\"Jost\", Sans-serif;font-size:24px;font-weight:500;line-height:32px;color:var( --e-global-color-secondary );}.elementor-widget-button .elementor-button{font-family:var( --e-global-typography-accent-font-family ), Sans-serif;font-weight:var( --e-global-typography-accent-font-weight );background-color:var( --e-global-color-accent );}.elementor-11493 .elementor-element.elementor-element-e9a5782 .elementor-button{font-family:\"Lato\", Sans-serif;font-weight:500;text-transform:uppercase;background-color:var( --e-global-color-secondary );padding:12px 12px 12px 12px;}.elementor-11493 .elementor-element.elementor-element-e9a5782 .elementor-button:hover, .elementor-11493 .elementor-element.elementor-element-e9a5782 .elementor-button:focus{background-color:var( --e-global-color-primary );}.elementor-11493 .elementor-element.elementor-element-5af3340{--display:flex;--flex-direction:row;--container-widget-width:initial;--container-widget-height:100%;--container-widget-flex-grow:1;--container-widget-align-self:stretch;--flex-wrap-mobile:wrap;--margin-top:0px;--margin-bottom:0px;--margin-left:0px;--margin-right:0px;--padding-top:0px;--padding-bottom:0px;--padding-left:0px;--padding-right:0px;}.elementor-11493 .elementor-element.elementor-element-5af3340.e-con{--align-self:flex-start;}@media(min-width:768px){.elementor-11493 .elementor-element.elementor-element-74f6db9{--content-width:400px;}.elementor-11493 .elementor-element.elementor-element-c974894{--width:fit-content;}.elementor-11493 .elementor-element.elementor-element-3cbe602{--width:fit-content;}}@media(max-width:1024px){.elementor-widget-theme-post-featured-image .widget-image-caption{font-size:var( --e-global-typography-text-font-size );}.elementor-widget-text-editor{font-size:var( --e-global-typography-text-font-size );}.elementor-widget-theme-post-title .elementor-heading-title{font-size:var( --e-global-typography-primary-font-size );}}@media(max-width:767px){.elementor-widget-theme-post-featured-image .widget-image-caption{font-size:var( --e-global-typography-text-font-size );}.elementor-11493 .elementor-element.elementor-element-c974894{--width:fit-content;}.elementor-widget-text-editor{font-size:var( --e-global-typography-text-font-size );}.elementor-11493 .elementor-element.elementor-element-3cbe602{--width:fit-content;}.elementor-widget-theme-post-title .elementor-heading-title{font-size:var( --e-global-typography-primary-font-size );}}\/* Start custom CSS for container, class: .elementor-element-0e1b0a1 *\/.para-zero p{\n    margin:0!important;\n      padding:0!important;\n}\/* End custom CSS *\/<\/style>\t\t<div data-elementor-type=\"loop-item\" data-elementor-id=\"11493\" class=\"elementor elementor-11493 elementor-9747 e-loop-item e-loop-item-13943 post-13943 blog type-blog status-publish has-post-thumbnail hentry tag-siem tag-siem-cybersecurity tag-siem-security blog_category-security-information-and-event-management\" data-elementor-post-type=\"elementor_library\" data-custom-edit-handle=\"1\">\n\t\t\t<div class=\"elementor-element elementor-element-74f6db9 e-flex e-con-boxed e-con e-parent\" data-id=\"74f6db9\" data-element_type=\"container\" data-e-type=\"container\">\n\t\t\t\t\t<div class=\"e-con-inner\">\n\t\t\t\t<div class=\"elementor-element elementor-element-99073ea elementor-widget elementor-widget-theme-post-featured-image elementor-widget-image\" data-id=\"99073ea\" data-element_type=\"widget\" data-e-type=\"widget\" data-widget_type=\"theme-post-featured-image.default\">\n\t\t\t\t\t\t\t\t\t\t\t\t\t\t\t\t<a href=\"https:\/\/www.netwitness.com\/it\/blog\/sicurezza-siem-malinteso\/\">\n\t\t\t\t\t\t\t<img fetchpriority=\"high\" decoding=\"async\" width=\"2560\" height=\"1439\" src=\"https:\/\/www.netwitness.com\/wp-content\/uploads\/Banner-01-65-scaled.jpg\" class=\"attachment-full size-full wp-image-13945\" alt=\"SIEM security\" srcset=\"https:\/\/www.netwitness.com\/wp-content\/uploads\/Banner-01-65-scaled.jpg 2560w, https:\/\/www.netwitness.com\/wp-content\/uploads\/Banner-01-65-300x169.jpg 300w, https:\/\/www.netwitness.com\/wp-content\/uploads\/Banner-01-65-1024x576.jpg 1024w, https:\/\/www.netwitness.com\/wp-content\/uploads\/Banner-01-65-768x432.jpg 768w, https:\/\/www.netwitness.com\/wp-content\/uploads\/Banner-01-65-1536x864.jpg 1536w, https:\/\/www.netwitness.com\/wp-content\/uploads\/Banner-01-65-2048x1151.jpg 2048w\" sizes=\"(max-width: 2560px) 100vw, 2560px\" \/>\t\t\t\t\t\t\t\t<\/a>\n\t\t\t\t\t\t\t\t\t\t\t\t\t\t\t<\/div>\n\t\t<div class=\"elementor-element elementor-element-0e1b0a1 e-con-full e-flex e-con e-child\" data-id=\"0e1b0a1\" data-element_type=\"container\" data-e-type=\"container\">\n\t\t<div class=\"elementor-element elementor-element-c974894 e-con-full category-nw e-flex e-con e-child\" data-id=\"c974894\" data-element_type=\"container\" data-e-type=\"container\" data-settings=\"{&quot;background_background&quot;:&quot;classic&quot;}\">\n\t\t\t\t<div class=\"elementor-element elementor-element-5fd2453 para-zero elementor-widget elementor-widget-text-editor\" data-id=\"5fd2453\" data-element_type=\"widget\" data-e-type=\"widget\" data-widget_type=\"text-editor.default\">\n\t\t\t\t\t\t\t\t\tDicembre 22, 2025\t\t\t\t\t\t\t\t<\/div>\n\t\t\t\t<\/div>\n\t\t<div class=\"elementor-element elementor-element-3cbe602 e-con-full category-nw e-flex e-con e-child\" data-id=\"3cbe602\" data-element_type=\"container\" data-e-type=\"container\" data-settings=\"{&quot;background_background&quot;:&quot;classic&quot;}\">\n\t\t\t\t<div data-premium-element-link=\"{&quot;type&quot;:&quot;url&quot;,&quot;link&quot;:{&quot;url&quot;:&quot;https:\\\/\\\/www.netwitness.com\\\/blog\\\/&quot;,&quot;is_external&quot;:&quot;&quot;,&quot;nofollow&quot;:&quot;&quot;,&quot;custom_attributes&quot;:&quot;&quot;},&quot;href&quot;:&quot;https:\\\/\\\/www.netwitness.com\\\/blog\\\/&quot;}\" style=\"cursor: pointer\" class=\"elementor-element elementor-element-c06f4ca para-zero premium-wrapper-link-yes elementor-widget elementor-widget-text-editor\" data-id=\"c06f4ca\" data-element_type=\"widget\" data-e-type=\"widget\" data-widget_type=\"text-editor.default\">\n\t\t\t\t\t\t\t\t\t<p>Blog<\/p>\t\t\t\t\t\t\t\t<\/div>\n\t\t\t\t<\/div>\n\t\t\t\t<\/div>\n\t\t\t\t<div class=\"elementor-element elementor-element-c248b5c elementor-widget elementor-widget-theme-post-title elementor-page-title elementor-widget-heading\" data-id=\"c248b5c\" data-element_type=\"widget\" data-e-type=\"widget\" data-widget_type=\"theme-post-title.default\">\n\t\t\t\t\t<p class=\"elementor-heading-title elementor-size-default\"><a href=\"https:\/\/www.netwitness.com\/it\/blog\/sicurezza-siem-malinteso\/\">Comuni fraintendimenti sul SIEM che ostacolano l\u2019efficienza del tuo Team<\/a><\/p>\t\t\t\t<\/div>\n\t\t\t\t<div class=\"elementor-element elementor-element-e9a5782 button-nw-25 elementor-widget elementor-widget-button\" data-id=\"e9a5782\" data-element_type=\"widget\" data-e-type=\"widget\" data-widget_type=\"button.default\">\n\t\t\t\t\t\t\t\t\t\t<a class=\"elementor-button elementor-button-link elementor-size-sm\" href=\"https:\/\/www.netwitness.com\/it\/blog\/sicurezza-siem-malinteso\/\">\n\t\t\t\t\t\t<span class=\"elementor-button-content-wrapper\">\n\t\t\t\t\t\t\t\t\t<span class=\"elementor-button-text\">LEGGI TUTTO <span>\u2192<\/span><\/span>\n\t\t\t\t\t<\/span>\n\t\t\t\t\t<\/a>\n\t\t\t\t\t\t\t\t<\/div>\n\t\t<div class=\"elementor-element elementor-element-5af3340 e-con-full e-flex e-con e-child\" data-id=\"5af3340\" data-element_type=\"container\" data-e-type=\"container\">\n\t\t\t\t<\/div>\n\t\t\t\t\t<\/div>\n\t\t\t\t<\/div>\n\t\t\t\t<\/div>\n\t\t\t\t<div data-elementor-type=\"loop-item\" data-elementor-id=\"11493\" class=\"elementor elementor-11493 elementor-9747 e-loop-item e-loop-item-14022 post-14022 blog type-blog status-publish has-post-thumbnail hentry blog_category-network-detection-and-response\" data-elementor-post-type=\"elementor_library\" data-custom-edit-handle=\"1\">\n\t\t\t<div class=\"elementor-element elementor-element-74f6db9 e-flex e-con-boxed e-con e-parent\" data-id=\"74f6db9\" data-element_type=\"container\" data-e-type=\"container\">\n\t\t\t\t\t<div class=\"e-con-inner\">\n\t\t\t\t<div class=\"elementor-element elementor-element-99073ea elementor-widget elementor-widget-theme-post-featured-image elementor-widget-image\" data-id=\"99073ea\" data-element_type=\"widget\" data-e-type=\"widget\" data-widget_type=\"theme-post-featured-image.default\">\n\t\t\t\t\t\t\t\t\t\t\t\t\t\t\t\t<a href=\"https:\/\/www.netwitness.com\/it\/blog\/casi-duso-delle-soluzioni-ndr\/\">\n\t\t\t\t\t\t\t<img decoding=\"async\" width=\"2560\" height=\"1439\" src=\"https:\/\/www.netwitness.com\/wp-content\/uploads\/Banner-01-62-scaled.jpg\" class=\"attachment-full size-full wp-image-14024\" alt=\"use cases of NDR\" srcset=\"https:\/\/www.netwitness.com\/wp-content\/uploads\/Banner-01-62-scaled.jpg 2560w, https:\/\/www.netwitness.com\/wp-content\/uploads\/Banner-01-62-300x169.jpg 300w, https:\/\/www.netwitness.com\/wp-content\/uploads\/Banner-01-62-1024x576.jpg 1024w, https:\/\/www.netwitness.com\/wp-content\/uploads\/Banner-01-62-768x432.jpg 768w, https:\/\/www.netwitness.com\/wp-content\/uploads\/Banner-01-62-1536x864.jpg 1536w, https:\/\/www.netwitness.com\/wp-content\/uploads\/Banner-01-62-2048x1151.jpg 2048w\" sizes=\"(max-width: 2560px) 100vw, 2560px\" \/>\t\t\t\t\t\t\t\t<\/a>\n\t\t\t\t\t\t\t\t\t\t\t\t\t\t\t<\/div>\n\t\t<div class=\"elementor-element elementor-element-0e1b0a1 e-con-full e-flex e-con e-child\" data-id=\"0e1b0a1\" data-element_type=\"container\" data-e-type=\"container\">\n\t\t<div class=\"elementor-element elementor-element-c974894 e-con-full category-nw e-flex e-con e-child\" data-id=\"c974894\" data-element_type=\"container\" data-e-type=\"container\" data-settings=\"{&quot;background_background&quot;:&quot;classic&quot;}\">\n\t\t\t\t<div class=\"elementor-element elementor-element-5fd2453 para-zero elementor-widget elementor-widget-text-editor\" data-id=\"5fd2453\" data-element_type=\"widget\" data-e-type=\"widget\" data-widget_type=\"text-editor.default\">\n\t\t\t\t\t\t\t\t\tDicembre 17, 2025\t\t\t\t\t\t\t\t<\/div>\n\t\t\t\t<\/div>\n\t\t<div class=\"elementor-element elementor-element-3cbe602 e-con-full category-nw e-flex e-con e-child\" data-id=\"3cbe602\" data-element_type=\"container\" data-e-type=\"container\" data-settings=\"{&quot;background_background&quot;:&quot;classic&quot;}\">\n\t\t\t\t<div data-premium-element-link=\"{&quot;type&quot;:&quot;url&quot;,&quot;link&quot;:{&quot;url&quot;:&quot;https:\\\/\\\/www.netwitness.com\\\/blog\\\/&quot;,&quot;is_external&quot;:&quot;&quot;,&quot;nofollow&quot;:&quot;&quot;,&quot;custom_attributes&quot;:&quot;&quot;},&quot;href&quot;:&quot;https:\\\/\\\/www.netwitness.com\\\/blog\\\/&quot;}\" style=\"cursor: pointer\" class=\"elementor-element elementor-element-c06f4ca para-zero premium-wrapper-link-yes elementor-widget elementor-widget-text-editor\" data-id=\"c06f4ca\" data-element_type=\"widget\" data-e-type=\"widget\" data-widget_type=\"text-editor.default\">\n\t\t\t\t\t\t\t\t\t<p>Blog<\/p>\t\t\t\t\t\t\t\t<\/div>\n\t\t\t\t<\/div>\n\t\t\t\t<\/div>\n\t\t\t\t<div class=\"elementor-element elementor-element-c248b5c elementor-widget elementor-widget-theme-post-title elementor-page-title elementor-widget-heading\" data-id=\"c248b5c\" data-element_type=\"widget\" data-e-type=\"widget\" data-widget_type=\"theme-post-title.default\">\n\t\t\t\t\t<p class=\"elementor-heading-title elementor-size-default\"><a href=\"https:\/\/www.netwitness.com\/it\/blog\/casi-duso-delle-soluzioni-ndr\/\">I 5 principali casi d&#8217;uso delle soluzioni di Network Detection &#038; Response<\/a><\/p>\t\t\t\t<\/div>\n\t\t\t\t<div class=\"elementor-element elementor-element-e9a5782 button-nw-25 elementor-widget elementor-widget-button\" data-id=\"e9a5782\" data-element_type=\"widget\" data-e-type=\"widget\" data-widget_type=\"button.default\">\n\t\t\t\t\t\t\t\t\t\t<a class=\"elementor-button elementor-button-link elementor-size-sm\" href=\"https:\/\/www.netwitness.com\/it\/blog\/casi-duso-delle-soluzioni-ndr\/\">\n\t\t\t\t\t\t<span class=\"elementor-button-content-wrapper\">\n\t\t\t\t\t\t\t\t\t<span class=\"elementor-button-text\">LEGGI TUTTO <span>\u2192<\/span><\/span>\n\t\t\t\t\t<\/span>\n\t\t\t\t\t<\/a>\n\t\t\t\t\t\t\t\t<\/div>\n\t\t<div class=\"elementor-element elementor-element-5af3340 e-con-full e-flex e-con e-child\" data-id=\"5af3340\" data-element_type=\"container\" data-e-type=\"container\">\n\t\t\t\t<\/div>\n\t\t\t\t\t<\/div>\n\t\t\t\t<\/div>\n\t\t\t\t<\/div>\n\t\t\t\t<\/div>\n\t\t\n\t\t\t\t\t\t<\/div>\n\t\t\t\t<\/div>\n\t\t\t\t\t<\/div>\n\t\t\t\t<\/div>\n\t\t\t\t<\/div>\n\t\t\t\t<\/div>\n\t\t","protected":false},"excerpt":{"rendered":"<p>Grazie per averci contattato! Stiamo esaminando la tua richiesta e ti contatteremo al pi\u00f9 presto. Mentre sei qui, perch\u00e9 non esplorare il nostro blog? \u00c8 ricco di approfondimenti, consigli e ultime tendenze per aiutarti a essere sempre all&#8217;avanguardia. Visita il nostro blog e scopri qualcosa di nuovo oggi stesso! Visita i nostri blog \u2192 Risorse [&hellip;]<\/p>\n","protected":false},"author":23,"featured_media":11833,"parent":0,"menu_order":0,"comment_status":"closed","ping_status":"closed","template":"elementor_header_footer","meta":{"footnotes":""},"class_list":["post-11832","page","type-page","status-publish","has-post-thumbnail","hentry"],"acf":[],"_links":{"self":[{"href":"https:\/\/www.netwitness.com\/it\/wp-json\/wp\/v2\/pages\/11832","targetHints":{"allow":["GET"]}}],"collection":[{"href":"https:\/\/www.netwitness.com\/it\/wp-json\/wp\/v2\/pages"}],"about":[{"href":"https:\/\/www.netwitness.com\/it\/wp-json\/wp\/v2\/types\/page"}],"author":[{"embeddable":true,"href":"https:\/\/www.netwitness.com\/it\/wp-json\/wp\/v2\/users\/23"}],"replies":[{"embeddable":true,"href":"https:\/\/www.netwitness.com\/it\/wp-json\/wp\/v2\/comments?post=11832"}],"version-history":[{"count":0,"href":"https:\/\/www.netwitness.com\/it\/wp-json\/wp\/v2\/pages\/11832\/revisions"}],"wp:featuredmedia":[{"embeddable":true,"href":"https:\/\/www.netwitness.com\/it\/wp-json\/wp\/v2\/media\/11833"}],"wp:attachment":[{"href":"https:\/\/www.netwitness.com\/it\/wp-json\/wp\/v2\/media?parent=11832"}],"curies":[{"name":"wp","href":"https:\/\/api.w.org\/{rel}","templated":true}]}}