{"id":11540,"date":"2025-09-12T01:52:50","date_gmt":"2025-09-12T05:52:50","guid":{"rendered":"https:\/\/netwitnessdev.wpenginepowered.com\/assistenza-tecnica\/"},"modified":"2025-11-11T00:48:02","modified_gmt":"2025-11-11T05:48:02","slug":"assistenza-tecnica","status":"publish","type":"page","link":"https:\/\/www.netwitness.com\/it\/assistenza-tecnica\/","title":{"rendered":"Assistenza tecnica"},"content":{"rendered":"\t\t<div data-elementor-type=\"wp-page\" data-elementor-id=\"11540\" class=\"elementor elementor-11540 elementor-9948\" data-elementor-post-type=\"page\">\n\t\t\t\t<div class=\"elementor-element elementor-element-7ab09b4 e-flex e-con-boxed e-con e-parent\" data-id=\"7ab09b4\" data-element_type=\"container\" data-e-type=\"container\" data-settings=\"{&quot;background_background&quot;:&quot;classic&quot;}\">\n\t\t\t\t\t<div class=\"e-con-inner\">\n\t\t<div class=\"elementor-element elementor-element-9be2521 e-con-full e-flex e-con e-child\" data-id=\"9be2521\" data-element_type=\"container\" data-e-type=\"container\">\n\t\t<div class=\"elementor-element elementor-element-8361d20 e-con-full e-flex e-con e-child\" data-id=\"8361d20\" data-element_type=\"container\" data-e-type=\"container\" data-settings=\"{&quot;background_background&quot;:&quot;classic&quot;}\">\n\t\t\t\t<div class=\"elementor-element elementor-element-6e4cebd elementor-widget elementor-widget-heading\" data-id=\"6e4cebd\" data-element_type=\"widget\" data-e-type=\"widget\" data-widget_type=\"heading.default\">\n\t\t\t\t\t<h1 class=\"elementor-heading-title elementor-size-default\">Assistenza tecnica NetWitness<\/h1>\t\t\t\t<\/div>\n\t\t\t\t<\/div>\n\t\t\t\t<div class=\"elementor-element elementor-element-c82046b elementor-widget elementor-widget-heading\" data-id=\"c82046b\" data-element_type=\"widget\" data-e-type=\"widget\" data-widget_type=\"heading.default\">\n\t\t\t\t\t<h2 class=\"elementor-heading-title elementor-size-default\">L'aiuto di esperti per risolvere i problemi, ridurre i rischi e mantenere le tue operazioni senza intoppi.<\/h2>\t\t\t\t<\/div>\n\t\t\t\t<div class=\"elementor-element elementor-element-4be612b button-nw-25 elementor-widget elementor-widget-button\" data-id=\"4be612b\" data-element_type=\"widget\" data-e-type=\"widget\" data-widget_type=\"button.default\">\n\t\t\t\t\t\t\t\t\t\t<a class=\"elementor-button elementor-button-link elementor-size-sm\" href=\"https:\/\/community.netwitness.com\/s\/contact-customer-support\" rel=\"nofollow noopener\" target=\"_blank\">\n\t\t\t\t\t\t<span class=\"elementor-button-content-wrapper\">\n\t\t\t\t\t\t\t\t\t<span class=\"elementor-button-text\">Contatta l'assistenza <span>\u2192<\/span><\/span>\n\t\t\t\t\t<\/span>\n\t\t\t\t\t<\/a>\n\t\t\t\t\t\t\t\t<\/div>\n\t\t\t\t<\/div>\n\t\t\t\t\t<\/div>\n\t\t\t\t<\/div>\n\t\t<div class=\"elementor-element elementor-element-dbf96fb e-flex e-con-boxed e-con e-parent\" data-id=\"dbf96fb\" data-element_type=\"container\" data-e-type=\"container\">\n\t\t\t\t\t<div class=\"e-con-inner\">\n\t\t<div class=\"elementor-element elementor-element-204071b e-con-full e-flex e-con e-child\" data-id=\"204071b\" data-element_type=\"container\" data-e-type=\"container\" data-settings=\"{&quot;background_background&quot;:&quot;classic&quot;}\">\n\t\t\t\t<div class=\"elementor-element elementor-element-4b85426 elementor-widget elementor-widget-image\" data-id=\"4b85426\" data-element_type=\"widget\" data-e-type=\"widget\" data-widget_type=\"image.default\">\n\t\t\t\t\t\t\t\t\t\t\t\t\t\t\t<img decoding=\"async\" width=\"37\" height=\"40\" src=\"https:\/\/www.netwitness.com\/wp-content\/uploads\/Vector-1.png\" class=\"attachment-full size-full wp-image-11534\" alt=\"Netwitness\" srcset=\"https:\/\/www.netwitness.com\/wp-content\/uploads\/Vector-1.png 37w, https:\/\/www.netwitness.com\/wp-content\/uploads\/Vector-1-11x12.png 11w\" sizes=\"(max-width: 37px) 100vw, 37px\" \/>\t\t\t\t\t\t\t\t\t\t\t\t\t\t\t<\/div>\n\t\t\t\t<div class=\"elementor-element elementor-element-ded2216 elementor-widget__width-inherit para-zero elementor-widget-mobile__width-initial elementor-widget elementor-widget-text-editor\" data-id=\"ded2216\" data-element_type=\"widget\" data-e-type=\"widget\" data-widget_type=\"text-editor.default\">\n\t\t\t\t\t\t\t\t\t<p>Assistenza personalizzata NetWitness<\/p>\t\t\t\t\t\t\t\t<\/div>\n\t\t\t\t<\/div>\n\t\t\t\t<div class=\"elementor-element elementor-element-2427339 elementor-widget elementor-widget-heading\" data-id=\"2427339\" data-element_type=\"widget\" data-e-type=\"widget\" data-widget_type=\"heading.default\">\n\t\t\t\t\t<h2 class=\"elementor-heading-title elementor-size-default\">Come possiamo aiutarti<\/h2>\t\t\t\t<\/div>\n\t\t<div class=\"elementor-element elementor-element-5865cf3 e-grid e-con-full e-con e-child\" data-id=\"5865cf3\" data-element_type=\"container\" data-e-type=\"container\">\n\t\t<div class=\"elementor-element elementor-element-c170197 e-con-full e-flex e-con e-child\" data-id=\"c170197\" data-element_type=\"container\" data-e-type=\"container\">\n\t\t\t\t<div class=\"elementor-element elementor-element-0ad98e7 elementor-widget__width-inherit elementor-widget elementor-widget-image\" data-id=\"0ad98e7\" data-element_type=\"widget\" data-e-type=\"widget\" data-widget_type=\"image.default\">\n\t\t\t\t\t\t\t\t\t\t\t\t\t\t\t<img fetchpriority=\"high\" decoding=\"async\" width=\"384\" height=\"238\" src=\"https:\/\/www.netwitness.com\/wp-content\/uploads\/Rectangle-28-7-1.jpg\" class=\"attachment-medium_large size-medium_large wp-image-11550\" alt=\"\" srcset=\"https:\/\/www.netwitness.com\/wp-content\/uploads\/Rectangle-28-7-1.jpg 384w, https:\/\/www.netwitness.com\/wp-content\/uploads\/Rectangle-28-7-1-300x186.jpg 300w, https:\/\/www.netwitness.com\/wp-content\/uploads\/Rectangle-28-7-1-18x12.jpg 18w\" sizes=\"(max-width: 384px) 100vw, 384px\" \/>\t\t\t\t\t\t\t\t\t\t\t\t\t\t\t<\/div>\n\t\t\t\t<div class=\"elementor-element elementor-element-14d43e4 elementor-widget elementor-widget-heading\" data-id=\"14d43e4\" data-element_type=\"widget\" data-e-type=\"widget\" data-widget_type=\"heading.default\">\n\t\t\t\t\t<h3 class=\"elementor-heading-title elementor-size-default\"><a href=\"https:\/\/community.netwitness.com\/s\/contactsupport\" rel=\"nofollow noopener\" target=\"_blank\">Assistenza tecnica  <\/a><\/h3>\t\t\t\t<\/div>\n\t\t\t\t<div class=\"elementor-element elementor-element-36a88ce para-zero elementor-widget elementor-widget-text-editor\" data-id=\"36a88ce\" data-element_type=\"widget\" data-e-type=\"widget\" data-widget_type=\"text-editor.default\">\n\t\t\t\t\t\t\t\t\t<p>Offriamo diversi livelli di assistenza tecnica per soddisfare le esigenze della tua azienda, sia che tu stia cercando un&#8217;assistenza standard o una guida avanzata.  <\/p>\t\t\t\t\t\t\t\t<\/div>\n\t\t\t\t<div class=\"elementor-element elementor-element-0505c88 button-nw-25 elementor-widget elementor-widget-button\" data-id=\"0505c88\" data-element_type=\"widget\" data-e-type=\"widget\" data-widget_type=\"button.default\">\n\t\t\t\t\t\t\t\t\t\t<a class=\"elementor-button elementor-button-link elementor-size-sm\" href=\"https:\/\/community.netwitness.com\/s\/contactsupport\" rel=\"nofollow noopener\" target=\"_blank\">\n\t\t\t\t\t\t<span class=\"elementor-button-content-wrapper\">\n\t\t\t\t\t\t\t\t\t<span class=\"elementor-button-text\">SCOPRI DI PI\u00d9 <span>\u2192<\/span><\/span>\n\t\t\t\t\t<\/span>\n\t\t\t\t\t<\/a>\n\t\t\t\t\t\t\t\t<\/div>\n\t\t\t\t<\/div>\n\t\t<div class=\"elementor-element elementor-element-21785ae e-con-full e-flex e-con e-child\" data-id=\"21785ae\" data-element_type=\"container\" data-e-type=\"container\">\n\t\t\t\t<div class=\"elementor-element elementor-element-b57d349 elementor-widget__width-inherit elementor-widget elementor-widget-image\" data-id=\"b57d349\" data-element_type=\"widget\" data-e-type=\"widget\" data-widget_type=\"image.default\">\n\t\t\t\t\t\t\t\t\t\t\t\t\t\t\t<img decoding=\"async\" width=\"385\" height=\"238\" src=\"https:\/\/www.netwitness.com\/wp-content\/uploads\/Rectangle-28-8-1.jpg\" class=\"attachment-medium_large size-medium_large wp-image-11548\" alt=\"\" srcset=\"https:\/\/www.netwitness.com\/wp-content\/uploads\/Rectangle-28-8-1.jpg 385w, https:\/\/www.netwitness.com\/wp-content\/uploads\/Rectangle-28-8-1-300x185.jpg 300w, https:\/\/www.netwitness.com\/wp-content\/uploads\/Rectangle-28-8-1-18x12.jpg 18w\" sizes=\"(max-width: 385px) 100vw, 385px\" \/>\t\t\t\t\t\t\t\t\t\t\t\t\t\t\t<\/div>\n\t\t\t\t<div class=\"elementor-element elementor-element-a2206e6 elementor-widget elementor-widget-heading\" data-id=\"a2206e6\" data-element_type=\"widget\" data-e-type=\"widget\" data-widget_type=\"heading.default\">\n\t\t\t\t\t<h3 class=\"elementor-heading-title elementor-size-default\"><a href=\"https:\/\/community.netwitness.com\/s\/contact-customer-support\" rel=\"nofollow noopener\" target=\"_blank\">Assistenza personalizzata  <\/a><\/h3>\t\t\t\t<\/div>\n\t\t\t\t<div class=\"elementor-element elementor-element-a2c1836 para-zero elementor-widget elementor-widget-text-editor\" data-id=\"a2c1836\" data-element_type=\"widget\" data-e-type=\"widget\" data-widget_type=\"text-editor.default\">\n\t\t\t\t\t\t\t\t\t<p><span data-teams=\"true\">Ottieni l&#8217;<\/span>accesso <span data-teams=\"true\">diretto<\/span>a specialisti che conoscono la tua configurazione e le tue priorit\u00e0, con indicazioni per migliorare e far evolvere la tua implementazione.  <\/p>\t\t\t\t\t\t\t\t<\/div>\n\t\t\t\t<div class=\"elementor-element elementor-element-6c5952d button-nw-25 elementor-widget elementor-widget-button\" data-id=\"6c5952d\" data-element_type=\"widget\" data-e-type=\"widget\" data-widget_type=\"button.default\">\n\t\t\t\t\t\t\t\t\t\t<a class=\"elementor-button elementor-button-link elementor-size-sm\" href=\"https:\/\/community.netwitness.com\/s\/contact-customer-support\" rel=\"nofollow noopener\" target=\"_blank\">\n\t\t\t\t\t\t<span class=\"elementor-button-content-wrapper\">\n\t\t\t\t\t\t\t\t\t<span class=\"elementor-button-text\">SCOPRI DI PI\u00d9 <span>\u2192<\/span><\/span>\n\t\t\t\t\t<\/span>\n\t\t\t\t\t<\/a>\n\t\t\t\t\t\t\t\t<\/div>\n\t\t\t\t<\/div>\n\t\t<div class=\"elementor-element elementor-element-296a217 e-con-full e-flex e-con e-child\" data-id=\"296a217\" data-element_type=\"container\" data-e-type=\"container\">\n\t\t\t\t<div class=\"elementor-element elementor-element-b90b70d elementor-widget__width-inherit elementor-widget elementor-widget-image\" data-id=\"b90b70d\" data-element_type=\"widget\" data-e-type=\"widget\" data-widget_type=\"image.default\">\n\t\t\t\t\t\t\t\t\t\t\t\t\t\t\t<img loading=\"lazy\" decoding=\"async\" width=\"384\" height=\"238\" src=\"https:\/\/www.netwitness.com\/wp-content\/uploads\/Rectangle-28-9.jpg\" class=\"attachment-medium_large size-medium_large wp-image-11547\" alt=\"\" srcset=\"https:\/\/www.netwitness.com\/wp-content\/uploads\/Rectangle-28-9.jpg 384w, https:\/\/www.netwitness.com\/wp-content\/uploads\/Rectangle-28-9-300x186.jpg 300w, https:\/\/www.netwitness.com\/wp-content\/uploads\/Rectangle-28-9-18x12.jpg 18w\" sizes=\"(max-width: 384px) 100vw, 384px\" \/>\t\t\t\t\t\t\t\t\t\t\t\t\t\t\t<\/div>\n\t\t\t\t<div class=\"elementor-element elementor-element-9eb81a1 elementor-widget elementor-widget-heading\" data-id=\"9eb81a1\" data-element_type=\"widget\" data-e-type=\"widget\" data-widget_type=\"heading.default\">\n\t\t\t\t\t<h3 class=\"elementor-heading-title elementor-size-default\"><a href=\"https:\/\/community.netwitness.com\/\" rel=\"nofollow noopener\" target=\"_blank\">Comunit\u00e0 NetWitness  <\/a><\/h3>\t\t\t\t<\/div>\n\t\t\t\t<div class=\"elementor-element elementor-element-1b1d047 para-zero elementor-widget elementor-widget-text-editor\" data-id=\"1b1d047\" data-element_type=\"widget\" data-e-type=\"widget\" data-widget_type=\"text-editor.default\">\n\t\t\t\t\t\t\t\t\t<p>Il tuo centro per le domande e le risposte, la documentazione, i download, gli aggiornamenti dei prodotti e la formazione, tutto in un unico posto.  <\/p>\t\t\t\t\t\t\t\t<\/div>\n\t\t\t\t<div class=\"elementor-element elementor-element-fdfcaef button-nw-25 elementor-widget elementor-widget-button\" data-id=\"fdfcaef\" data-element_type=\"widget\" data-e-type=\"widget\" data-widget_type=\"button.default\">\n\t\t\t\t\t\t\t\t\t\t<a class=\"elementor-button elementor-button-link elementor-size-sm\" href=\"https:\/\/community.netwitness.com\/\" rel=\"nofollow noopener\" target=\"_blank\">\n\t\t\t\t\t\t<span class=\"elementor-button-content-wrapper\">\n\t\t\t\t\t\t\t\t\t<span class=\"elementor-button-text\">Visita il portale della comunit\u00e0 <span>\u2192<\/span><\/span>\n\t\t\t\t\t<\/span>\n\t\t\t\t\t<\/a>\n\t\t\t\t\t\t\t\t<\/div>\n\t\t\t\t<\/div>\n\t\t<div class=\"elementor-element elementor-element-40f9be3 e-con-full e-flex e-con e-child\" data-id=\"40f9be3\" data-element_type=\"container\" data-e-type=\"container\">\n\t\t\t\t<div class=\"elementor-element elementor-element-529c836 elementor-widget__width-inherit elementor-widget elementor-widget-image\" data-id=\"529c836\" data-element_type=\"widget\" data-e-type=\"widget\" data-widget_type=\"image.default\">\n\t\t\t\t\t\t\t\t\t\t\t\t\t\t\t<img loading=\"lazy\" decoding=\"async\" width=\"384\" height=\"238\" src=\"https:\/\/www.netwitness.com\/wp-content\/uploads\/Rectangle-28-10.jpg\" class=\"attachment-medium_large size-medium_large wp-image-11545\" alt=\"\" srcset=\"https:\/\/www.netwitness.com\/wp-content\/uploads\/Rectangle-28-10.jpg 384w, https:\/\/www.netwitness.com\/wp-content\/uploads\/Rectangle-28-10-300x186.jpg 300w, https:\/\/www.netwitness.com\/wp-content\/uploads\/Rectangle-28-10-18x12.jpg 18w\" sizes=\"(max-width: 384px) 100vw, 384px\" \/>\t\t\t\t\t\t\t\t\t\t\t\t\t\t\t<\/div>\n\t\t\t\t<div class=\"elementor-element elementor-element-9653090 elementor-widget elementor-widget-heading\" data-id=\"9653090\" data-element_type=\"widget\" data-e-type=\"widget\" data-widget_type=\"heading.default\">\n\t\t\t\t\t<h3 class=\"elementor-heading-title elementor-size-default\"><a href=\"https:\/\/community.netwitness.com\/s\/news\/product-version-life-cycle-for-netwitness-platform-MCACAQCUG63VGCBMYTNCFBSBPLIY\" rel=\"nofollow noopener\" target=\"_blank\">Ciclo di vita della versione del prodotto  <\/a><\/h3>\t\t\t\t<\/div>\n\t\t\t\t<div class=\"elementor-element elementor-element-fc49807 para-zero elementor-widget elementor-widget-text-editor\" data-id=\"fc49807\" data-element_type=\"widget\" data-e-type=\"widget\" data-widget_type=\"text-editor.default\">\n\t\t\t\t\t\t\t\t\t<p>Tieni traccia delle tempistiche di supporto per le versioni dei prodotti NetWitness,<span data-teams=\"true\">comprese quelle ancora pienamente supportate e quelle che si stanno avvicinando alla fine del ciclo di vita<\/span>.  <\/p>\t\t\t\t\t\t\t\t<\/div>\n\t\t\t\t<div class=\"elementor-element elementor-element-bc674ba button-nw-25 elementor-widget elementor-widget-button\" data-id=\"bc674ba\" data-element_type=\"widget\" data-e-type=\"widget\" data-widget_type=\"button.default\">\n\t\t\t\t\t\t\t\t\t\t<a class=\"elementor-button elementor-button-link elementor-size-sm\" href=\"https:\/\/community.netwitness.com\/s\/news\/product-version-life-cycle-for-netwitness-platform-MCACAQCUG63VGCBMYTNCFBSBPLIY\" rel=\"nofollow noopener\" target=\"_blank\">\n\t\t\t\t\t\t<span class=\"elementor-button-content-wrapper\">\n\t\t\t\t\t\t\t\t\t<span class=\"elementor-button-text\">Verifica il supporto della versione <span>\u2192<\/span><\/span>\n\t\t\t\t\t<\/span>\n\t\t\t\t\t<\/a>\n\t\t\t\t\t\t\t\t<\/div>\n\t\t\t\t<\/div>\n\t\t<div class=\"elementor-element elementor-element-1ffaa58 e-con-full e-flex e-con e-child\" data-id=\"1ffaa58\" data-element_type=\"container\" data-e-type=\"container\">\n\t\t\t\t<div class=\"elementor-element elementor-element-df677f4 elementor-widget__width-inherit elementor-widget elementor-widget-image\" data-id=\"df677f4\" data-element_type=\"widget\" data-e-type=\"widget\" data-widget_type=\"image.default\">\n\t\t\t\t\t\t\t\t\t\t\t\t\t\t\t<img loading=\"lazy\" decoding=\"async\" width=\"385\" height=\"238\" src=\"https:\/\/www.netwitness.com\/wp-content\/uploads\/Rectangle-28-11.jpg\" class=\"attachment-medium_large size-medium_large wp-image-11543\" alt=\"\" srcset=\"https:\/\/www.netwitness.com\/wp-content\/uploads\/Rectangle-28-11.jpg 385w, https:\/\/www.netwitness.com\/wp-content\/uploads\/Rectangle-28-11-300x185.jpg 300w, https:\/\/www.netwitness.com\/wp-content\/uploads\/Rectangle-28-11-18x12.jpg 18w\" sizes=\"(max-width: 385px) 100vw, 385px\" \/>\t\t\t\t\t\t\t\t\t\t\t\t\t\t\t<\/div>\n\t\t\t\t<div class=\"elementor-element elementor-element-147f1fa elementor-widget elementor-widget-heading\" data-id=\"147f1fa\" data-element_type=\"widget\" data-e-type=\"widget\" data-widget_type=\"heading.default\">\n\t\t\t\t\t<h3 class=\"elementor-heading-title elementor-size-default\"><a href=\"https:\/\/www.netwitness.com\/blog\/the-importance-of-ndr-cybersecurity-in-a-remote-work-environment\/\">Sicurezza dei prodotti e risposta alle vulnerabilit\u00e0  <\/a><\/h3>\t\t\t\t<\/div>\n\t\t\t\t<div class=\"elementor-element elementor-element-881c9a8 para-zero elementor-widget elementor-widget-text-editor\" data-id=\"881c9a8\" data-element_type=\"widget\" data-e-type=\"widget\" data-widget_type=\"text-editor.default\">\n\t\t\t\t\t\t\t\t\t<p>La sicurezza \u00e8 integrata in tutto ci\u00f2 che facciamo. Scopri come identifichiamo e rispondiamo alle vulnerabilit\u00e0 dei prodotti.   <\/p>\t\t\t\t\t\t\t\t<\/div>\n\t\t\t\t<\/div>\n\t\t<div class=\"elementor-element elementor-element-436cb2f e-con-full e-flex e-con e-child\" data-id=\"436cb2f\" data-element_type=\"container\" data-e-type=\"container\">\n\t\t\t\t<div class=\"elementor-element elementor-element-b9fcc29 elementor-widget__width-inherit elementor-widget elementor-widget-image\" data-id=\"b9fcc29\" data-element_type=\"widget\" data-e-type=\"widget\" data-widget_type=\"image.default\">\n\t\t\t\t\t\t\t\t\t\t\t\t\t\t\t<img loading=\"lazy\" decoding=\"async\" width=\"384\" height=\"238\" src=\"https:\/\/www.netwitness.com\/wp-content\/uploads\/Rectangle-28-12.jpg\" class=\"attachment-medium_large size-medium_large wp-image-11542\" alt=\"\" srcset=\"https:\/\/www.netwitness.com\/wp-content\/uploads\/Rectangle-28-12.jpg 384w, https:\/\/www.netwitness.com\/wp-content\/uploads\/Rectangle-28-12-300x186.jpg 300w, https:\/\/www.netwitness.com\/wp-content\/uploads\/Rectangle-28-12-18x12.jpg 18w\" sizes=\"(max-width: 384px) 100vw, 384px\" \/>\t\t\t\t\t\t\t\t\t\t\t\t\t\t\t<\/div>\n\t\t\t\t<div class=\"elementor-element elementor-element-a791e6b elementor-widget elementor-widget-heading\" data-id=\"a791e6b\" data-element_type=\"widget\" data-e-type=\"widget\" data-widget_type=\"heading.default\">\n\t\t\t\t\t<h3 class=\"elementor-heading-title elementor-size-default\"><a href=\"https:\/\/www.netwitness.com\/blog\/the-importance-of-ndr-cybersecurity-in-a-remote-work-environment\/\">Garanzia e ricambi  <\/a><\/h3>\t\t\t\t<\/div>\n\t\t\t\t<div class=\"elementor-element elementor-element-c61d11b para-zero elementor-widget elementor-widget-text-editor\" data-id=\"c61d11b\" data-element_type=\"widget\" data-e-type=\"widget\" data-widget_type=\"text-editor.default\">\n\t\t\t\t\t\t\t\t\t<p>Hai bisogno di informazioni sulla garanzia o di pezzi di ricambio? Ecco dove trovare i dettagli della polizza.   <\/p>\t\t\t\t\t\t\t\t<\/div>\n\t\t\t\t<\/div>\n\t\t\t\t<\/div>\n\t\t\t\t\t<\/div>\n\t\t\t\t<\/div>\n\t\t<div class=\"elementor-element elementor-element-e2eb1a2 e-flex e-con-boxed e-con e-parent\" data-id=\"e2eb1a2\" data-element_type=\"container\" data-e-type=\"container\">\n\t\t\t\t\t<div class=\"e-con-inner\">\n\t\t<div class=\"elementor-element elementor-element-56f7428 e-con-full e-flex e-con e-child\" data-id=\"56f7428\" data-element_type=\"container\" data-e-type=\"container\" data-settings=\"{&quot;background_background&quot;:&quot;classic&quot;}\">\n\t\t<div class=\"elementor-element elementor-element-6399b9a e-con-full e-flex e-con e-child\" data-id=\"6399b9a\" data-element_type=\"container\" data-e-type=\"container\">\n\t\t\t\t<div class=\"elementor-element elementor-element-32919a0 elementor-widget elementor-widget-heading\" data-id=\"32919a0\" data-element_type=\"widget\" data-e-type=\"widget\" data-widget_type=\"heading.default\">\n\t\t\t\t\t<h2 class=\"elementor-heading-title elementor-size-default\">Hai bisogno di aiuto ora?<\/h2>\t\t\t\t<\/div>\n\t\t\t\t<div class=\"elementor-element elementor-element-9fa9f71 elementor-widget elementor-widget-text-editor\" data-id=\"9fa9f71\" data-element_type=\"widget\" data-e-type=\"widget\" data-widget_type=\"text-editor.default\">\n\t\t\t\t\t\t\t\t\t<p>Siamo qui quando hai bisogno di noi con specialisti tecnici pronti ad assisterti.<\/p>\t\t\t\t\t\t\t\t<\/div>\n\t\t\t\t<div class=\"elementor-element elementor-element-248d72e elementor-tablet-align-center elementor-widget elementor-widget-button\" data-id=\"248d72e\" data-element_type=\"widget\" data-e-type=\"widget\" data-widget_type=\"button.default\">\n\t\t\t\t\t\t\t\t\t\t<a class=\"elementor-button elementor-button-link elementor-size-sm\" href=\"https:\/\/community.netwitness.com\/s\/contact-customer-support\" rel=\"nofollow noopener\" target=\"_blank\">\n\t\t\t\t\t\t<span class=\"elementor-button-content-wrapper\">\n\t\t\t\t\t\t\t\t\t<span class=\"elementor-button-text\">Contatta l'assistenza <span>\u2192<\/span><\/span>\n\t\t\t\t\t<\/span>\n\t\t\t\t\t<\/a>\n\t\t\t\t\t\t\t\t<\/div>\n\t\t\t\t<\/div>\n\t\t\t\t<\/div>\n\t\t\t\t\t<\/div>\n\t\t\t\t<\/div>\n\t\t\t\t<\/div>\n\t\t","protected":false},"excerpt":{"rendered":"<p>Assistenza tecnica NetWitness L&#8217;aiuto di esperti per risolvere i problemi, ridurre i rischi e mantenere le tue operazioni senza intoppi. Contatta l&#8217;assistenza \u2192 Assistenza personalizzata NetWitness Come possiamo aiutarti Assistenza tecnica Offriamo diversi livelli di assistenza tecnica per soddisfare le esigenze della tua azienda, sia che tu stia cercando un&#8217;assistenza standard o una guida avanzata. [&hellip;]<\/p>\n","protected":false},"author":23,"featured_media":0,"parent":0,"menu_order":0,"comment_status":"closed","ping_status":"closed","template":"elementor_header_footer","meta":{"footnotes":""},"class_list":["post-11540","page","type-page","status-publish","hentry"],"acf":[],"_links":{"self":[{"href":"https:\/\/www.netwitness.com\/it\/wp-json\/wp\/v2\/pages\/11540","targetHints":{"allow":["GET"]}}],"collection":[{"href":"https:\/\/www.netwitness.com\/it\/wp-json\/wp\/v2\/pages"}],"about":[{"href":"https:\/\/www.netwitness.com\/it\/wp-json\/wp\/v2\/types\/page"}],"author":[{"embeddable":true,"href":"https:\/\/www.netwitness.com\/it\/wp-json\/wp\/v2\/users\/23"}],"replies":[{"embeddable":true,"href":"https:\/\/www.netwitness.com\/it\/wp-json\/wp\/v2\/comments?post=11540"}],"version-history":[{"count":0,"href":"https:\/\/www.netwitness.com\/it\/wp-json\/wp\/v2\/pages\/11540\/revisions"}],"wp:attachment":[{"href":"https:\/\/www.netwitness.com\/it\/wp-json\/wp\/v2\/media?parent=11540"}],"curies":[{"name":"wp","href":"https:\/\/api.w.org\/{rel}","templated":true}]}}